{"id":1454,"date":"2024-03-03T19:15:29","date_gmt":"2024-03-03T18:15:29","guid":{"rendered":"https:\/\/meshceram.com\/?page_id=1454"},"modified":"2024-03-03T19:30:38","modified_gmt":"2024-03-03T18:30:38","slug":"portrait","status":"publish","type":"page","link":"https:\/\/meshceram.com\/index.php\/portrait\/","title":{"rendered":"Portrait"},"content":{"rendered":"\n<p><\/p>\n\n\n\n<div class=\"wp-block-uagb-container uagb-block-5gchknmv alignfull uagb-is-root-container\">\n<div class=\"wp-block-uagb-container uagb-block-bjlfljgx\">\n<div class=\"wp-block-uagb-image alignleft uagb-block-nbum2pej wp-block-uagb-image--layout-default wp-block-uagb-image--effect-static wp-block-uagb-image--align-left\"><figure class=\"wp-block-uagb-image__figure\"><img decoding=\"async\" srcset=\"https:\/\/meshceram.com\/wp-content\/uploads\/2024\/03\/A7R07961_WEB-1024x576.jpg ,https:\/\/meshceram.com\/wp-content\/uploads\/2024\/03\/A7R07961_WEB.jpg 780w, https:\/\/meshceram.com\/wp-content\/uploads\/2024\/03\/A7R07961_WEB.jpg 360w\" sizes=\"auto, (max-width: 480px) 150px\" src=\"https:\/\/meshceram.com\/wp-content\/uploads\/2024\/03\/A7R07961_WEB-1024x576.jpg\" alt=\"\" class=\"uag-image-1456\" width=\"544\" height=\"423\" title=\"\" loading=\"lazy\"\/><\/figure><\/div>\n<\/div>\n\n\n\n<div class=\"wp-block-uagb-container uagb-block-bk8s0mfr\">\n<div class=\"wp-block-uagb-info-box uagb-block-evjcgt3s uagb-infobox__content-wrap  uagb-infobox-icon-above-title uagb-infobox-image-valign-top\"><div class=\"uagb-ifb-content\"><div class=\"uagb-ifb-title-wrap\"><h3 class=\"uagb-ifb-title\">Mon parcours<\/h3><\/div><p class=\"uagb-ifb-desc\">J\u2019ai pass\u00e9 mes apr\u00e8s-midi d\u2019enfance dans l\u2019atelier de carrosserie de mon grand-p\u00e8re, \u00e7a vient peut-\u00eatre de l\u00e0, cette envie de faire quelque chose avec mes mains.<br>Apr\u00e8s plus de 20 ans dans le design graphique, l\u2019envie de d\u00e9ployer ma cr\u00e9ativit\u00e9 dans une activit\u00e9 plus concr\u00e8te et artisanale m\u2019a amen\u00e9e \u00e0 la c\u00e9ramique.<br>J\u2019ai suivi les cours de Gr\u00e9goire Scalabre avant d\u2019obtenir le CAP de tourneur en s\u00e9rie en juin 2023. Une formation chez Marc Uzan a enrichi ma compr\u00e9hension des \u00e9maux et leur recherche \u00e0 haute temp\u00e9rature.<br>Mesh est la suite logique de ce cheminement.<br><br><strong>L\u2019objectif ?<\/strong><br><strong>Concevoir mes propres pi\u00e8ces tout en faisant d\u00e9couvrir au plus grand nombre la pratique du tour.<\/strong><br><strong><br>Elodie<\/strong><br><\/p><\/div><\/div>\n<\/div>\n<\/div>\n\n\n\n<div class=\"wp-block-uagb-container uagb-block-f7502225 alignfull uagb-is-root-container\"><div class=\"uagb-container-inner-blocks-wrap\">\n<div class=\"wp-block-buttons is-content-justification-center is-layout-flex wp-container-core-buttons-is-layout-a89b3969 wp-block-buttons-is-layout-flex\">\n<div class=\"wp-block-button\"><a class=\"wp-block-button__link wp-element-button\" href=\"https:\/\/meshceram.com\/index.php\/le-lieu\/\">Voir l&rsquo;atelier<\/a><\/div>\n<\/div>\n<\/div><\/div>\n\n\n\n<div class=\"wp-block-uagb-container uagb-block-c323d653 alignfull uagb-is-root-container\"><div class=\"uagb-container-inner-blocks-wrap\">\n<div class=\"wp-block-columns is-layout-flex wp-container-core-columns-is-layout-28f84493 wp-block-columns-is-layout-flex\">\n<div class=\"wp-block-column is-layout-flow wp-block-column-is-layout-flow\" style=\"flex-basis:33.34%\"><\/div>\n\n\n\n<div class=\"wp-block-column is-layout-flow wp-block-column-is-layout-flow\" style=\"flex-basis:33.34%\">\n<figure class=\"wp-block-image size-large is-resized\"><img loading=\"lazy\" decoding=\"async\" width=\"1024\" height=\"423\" src=\"https:\/\/meshceram.com\/wp-content\/uploads\/2024\/01\/frise-formes-1024x423.jpg\" alt=\"\" class=\"wp-image-389\" style=\"width:300px\" srcset=\"https:\/\/meshceram.com\/wp-content\/uploads\/2024\/01\/frise-formes-1024x423.jpg 1024w, https:\/\/meshceram.com\/wp-content\/uploads\/2024\/01\/frise-formes-300x124.jpg 300w, https:\/\/meshceram.com\/wp-content\/uploads\/2024\/01\/frise-formes-768x318.jpg 768w, https:\/\/meshceram.com\/wp-content\/uploads\/2024\/01\/frise-formes.jpg 1231w\" sizes=\"auto, (max-width: 1024px) 100vw, 1024px\" \/><\/figure>\n<\/div>\n\n\n\n<div class=\"wp-block-column is-layout-flow wp-block-column-is-layout-flow\" style=\"flex-basis:33.33%\"><\/div>\n<\/div>\n<\/div><\/div>\n","protected":false},"excerpt":{"rendered":"","protected":false},"author":1,"featured_media":0,"parent":0,"menu_order":0,"comment_status":"closed","ping_status":"closed","template":"","meta":{"_uag_custom_page_level_css":"","site-sidebar-layout":"default","site-content-layout":"","ast-site-content-layout":"","site-content-style":"default","site-sidebar-style":"default","ast-global-header-display":"","ast-banner-title-visibility":"","ast-main-header-display":"","ast-hfb-above-header-display":"","ast-hfb-below-header-display":"","ast-hfb-mobile-header-display":"","site-post-title":"","ast-breadcrumbs-content":"","ast-featured-img":"","footer-sml-layout":"","theme-transparent-header-meta":"","adv-header-id-meta":"","stick-header-meta":"","header-above-stick-meta":"","header-main-stick-meta":"","header-below-stick-meta":"","astra-migrate-meta-layouts":"","footnotes":""},"class_list":["post-1454","page","type-page","status-publish","hentry"],"uagb_featured_image_src":{"full":false,"thumbnail":false,"medium":false,"medium_large":false,"large":false,"1536x1536":false,"2048x2048":false,"woocommerce_thumbnail":false,"woocommerce_single":false,"woocommerce_gallery_thumbnail":false},"uagb_author_info":{"display_name":"Elodie","author_link":"https:\/\/meshceram.com\/index.php\/author\/admin4213\/"},"uagb_comment_info":0,"uagb_excerpt":null,"_links":{"self":[{"href":"https:\/\/meshceram.com\/index.php\/wp-json\/wp\/v2\/pages\/1454","targetHints":{"allow":["GET"]}}],"collection":[{"href":"https:\/\/meshceram.com\/index.php\/wp-json\/wp\/v2\/pages"}],"about":[{"href":"https:\/\/meshceram.com\/index.php\/wp-json\/wp\/v2\/types\/page"}],"author":[{"embeddable":true,"href":"https:\/\/meshceram.com\/index.php\/wp-json\/wp\/v2\/users\/1"}],"replies":[{"embeddable":true,"href":"https:\/\/meshceram.com\/index.php\/wp-json\/wp\/v2\/comments?post=1454"}],"version-history":[{"count":5,"href":"https:\/\/meshceram.com\/index.php\/wp-json\/wp\/v2\/pages\/1454\/revisions"}],"predecessor-version":[{"id":1464,"href":"https:\/\/meshceram.com\/index.php\/wp-json\/wp\/v2\/pages\/1454\/revisions\/1464"}],"wp:attachment":[{"href":"https:\/\/meshceram.com\/index.php\/wp-json\/wp\/v2\/media?parent=1454"}],"curies":[{"name":"wp","href":"https:\/\/api.w.org\/{rel}","templated":true}]}}