{"id":138,"date":"2023-10-22T11:05:04","date_gmt":"2023-10-22T09:05:04","guid":{"rendered":"https:\/\/meshceram.com\/?page_id=138"},"modified":"2024-01-22T08:36:03","modified_gmt":"2024-01-22T07:36:03","slug":"contact","status":"publish","type":"page","link":"https:\/\/meshceram.com\/index.php\/contact\/","title":{"rendered":"Contact"},"content":{"rendered":"\n<div class=\"wp-block-columns is-layout-flex wp-container-core-columns-is-layout-28f84493 wp-block-columns-is-layout-flex\">\n<div class=\"wp-block-column is-layout-flow wp-block-column-is-layout-flow\">\n<h2 class=\"wp-block-heading\">Au \u00ab\u00a0gr\u00e8s\u00a0\u00bb de vos envies !<\/h2>\n\n\n\n<p>Rejoignez-nous \u00e0 Montmartre, chez Mesh et partagez avec nous une exp\u00e9rience conviviale et cr\u00e9ative.<br>Pour toute interrogation concernant nos cours, stages ou autre collaboration, n&rsquo;h\u00e9sitez pas \u00e0 compl\u00e9ter le formulaire ci-dessous. <br>Vous pouvez aussi nous contacter par courriel \u00e0 l&rsquo;adresse hello@meshceram.com ou par t\u00e9l\u00e9phone au 06 83 54 49 07. <\/p>\n\n\n\n<div class=\"wp-block-columns is-layout-flex wp-container-core-columns-is-layout-28f84493 wp-block-columns-is-layout-flex\">\n<div class=\"wp-block-column is-layout-flow wp-block-column-is-layout-flow\">\n<div class=\"wp-block-jetpack-contact-form\" style=\"padding-top:16px;padding-right:16px;padding-bottom:16px;padding-left:16px\">\n\n\n\n\n\n\n<\/div>\n\n\n\n<div class=\"wpcf7 no-js\" id=\"wpcf7-f163-o1\" lang=\"fr-FR\" dir=\"ltr\" data-wpcf7-id=\"163\">\n<div class=\"screen-reader-response\"><p role=\"status\" aria-live=\"polite\" aria-atomic=\"true\"><\/p> <ul><\/ul><\/div>\n<form action=\"\/index.php\/wp-json\/wp\/v2\/pages\/138#wpcf7-f163-o1\" method=\"post\" class=\"wpcf7-form init\" aria-label=\"Formulaire de contact\" novalidate=\"novalidate\" data-status=\"init\">\n<fieldset class=\"hidden-fields-container\"><input type=\"hidden\" name=\"_wpcf7\" value=\"163\" \/><input type=\"hidden\" name=\"_wpcf7_version\" value=\"6.1.4\" \/><input type=\"hidden\" name=\"_wpcf7_locale\" value=\"fr_FR\" \/><input type=\"hidden\" name=\"_wpcf7_unit_tag\" value=\"wpcf7-f163-o1\" \/><input type=\"hidden\" name=\"_wpcf7_container_post\" value=\"0\" \/><input type=\"hidden\" name=\"_wpcf7_posted_data_hash\" value=\"\" \/><input type=\"hidden\" name=\"_wpcf7_recaptcha_response\" value=\"\" \/>\n<\/fieldset>\n<p><label> Votre nom<br \/>\n<span class=\"wpcf7-form-control-wrap\" data-name=\"your-name\"><input size=\"40\" maxlength=\"400\" class=\"wpcf7-form-control wpcf7-text wpcf7-validates-as-required\" autocomplete=\"name\" aria-required=\"true\" aria-invalid=\"false\" value=\"\" type=\"text\" name=\"your-name\" \/><\/span> <\/label>\n<\/p>\n<p><label> Votre e-mail<br \/>\n<span class=\"wpcf7-form-control-wrap\" data-name=\"your-email\"><input size=\"40\" maxlength=\"400\" class=\"wpcf7-form-control wpcf7-email wpcf7-validates-as-required wpcf7-text wpcf7-validates-as-email\" autocomplete=\"email\" aria-required=\"true\" aria-invalid=\"false\" value=\"\" type=\"email\" name=\"your-email\" \/><\/span> <\/label>\n<\/p>\n<p><label> Objet<br \/>\n<span class=\"wpcf7-form-control-wrap\" data-name=\"Typedecours\"><select class=\"wpcf7-form-control wpcf7-select\" aria-invalid=\"false\" name=\"Typedecours\"><option value=\"Cours initiation\">Cours initiation<\/option><option value=\"10 cours\">10 cours<\/option><option value=\"Stage week end\">Stage week end<\/option><option value=\"Team building\">Team building<\/option><\/select><\/span><\/label>\n<\/p>\n<p><label> Votre message (facultatif)<br \/>\n<span class=\"wpcf7-form-control-wrap\" data-name=\"your-message\"><textarea cols=\"40\" rows=\"10\" maxlength=\"2000\" class=\"wpcf7-form-control wpcf7-textarea\" aria-invalid=\"false\" name=\"your-message\"><\/textarea><\/span> <\/label>\n<\/p>\n<p><input class=\"wpcf7-form-control wpcf7-submit has-spinner\" type=\"submit\" value=\"Envoyer\" \/>\n<\/p><p style=\"display: none !important;\" class=\"akismet-fields-container\" data-prefix=\"_wpcf7_ak_\"><label>&#916;<textarea name=\"_wpcf7_ak_hp_textarea\" cols=\"45\" rows=\"8\" maxlength=\"100\"><\/textarea><\/label><input type=\"hidden\" id=\"ak_js_1\" name=\"_wpcf7_ak_js\" value=\"4\"\/><script>document.getElementById( \"ak_js_1\" ).setAttribute( \"value\", ( new Date() ).getTime() );<\/script><\/p><div class=\"wpcf7-response-output\" aria-hidden=\"true\"><\/div>\n<\/form>\n<\/div>\n\n<\/div>\n<\/div>\n<\/div>\n<\/div>\n\n\n\n<div class=\"wp-block-columns is-layout-flex wp-container-core-columns-is-layout-28f84493 wp-block-columns-is-layout-flex\">\n<div class=\"wp-block-column is-layout-flow wp-block-column-is-layout-flow\">\n<figure class=\"wp-block-image aligncenter size-large is-resized\"><img loading=\"lazy\" decoding=\"async\" width=\"1024\" height=\"423\" src=\"https:\/\/meshceram.com\/wp-content\/uploads\/2024\/01\/frise-formes-1024x423.jpg\" alt=\"\" class=\"wp-image-389\" style=\"width:367px\" srcset=\"https:\/\/meshceram.com\/wp-content\/uploads\/2024\/01\/frise-formes-1024x423.jpg 1024w, https:\/\/meshceram.com\/wp-content\/uploads\/2024\/01\/frise-formes-300x124.jpg 300w, https:\/\/meshceram.com\/wp-content\/uploads\/2024\/01\/frise-formes-768x318.jpg 768w, https:\/\/meshceram.com\/wp-content\/uploads\/2024\/01\/frise-formes.jpg 1231w\" sizes=\"auto, (max-width: 1024px) 100vw, 1024px\" \/><\/figure>\n<\/div>\n<\/div>\n","protected":false},"excerpt":{"rendered":"<p>Au \u00ab\u00a0gr\u00e8s\u00a0\u00bb de vos envies ! Rejoignez-nous \u00e0 Montmartre, chez Mesh et partagez avec nous une exp\u00e9rience conviviale et cr\u00e9ative.Pour toute interrogation concernant nos cours, stages ou autre collaboration, n&rsquo;h\u00e9sitez pas \u00e0 compl\u00e9ter le formulaire ci-dessous. Vous pouvez aussi nous contacter par courriel \u00e0 l&rsquo;adresse hello@meshceram.com ou par t\u00e9l\u00e9phone au 06 83 54 49 07.<\/p>\n","protected":false},"author":1,"featured_media":0,"parent":0,"menu_order":0,"comment_status":"closed","ping_status":"closed","template":"","meta":{"_uag_custom_page_level_css":"","site-sidebar-layout":"default","site-content-layout":"","ast-site-content-layout":"","site-content-style":"default","site-sidebar-style":"default","ast-global-header-display":"","ast-banner-title-visibility":"","ast-main-header-display":"","ast-hfb-above-header-display":"","ast-hfb-below-header-display":"","ast-hfb-mobile-header-display":"","site-post-title":"","ast-breadcrumbs-content":"","ast-featured-img":"","footer-sml-layout":"","theme-transparent-header-meta":"","adv-header-id-meta":"","stick-header-meta":"","header-above-stick-meta":"","header-main-stick-meta":"","header-below-stick-meta":"","astra-migrate-meta-layouts":"","footnotes":""},"class_list":["post-138","page","type-page","status-publish","hentry"],"uagb_featured_image_src":{"full":false,"thumbnail":false,"medium":false,"medium_large":false,"large":false,"1536x1536":false,"2048x2048":false,"woocommerce_thumbnail":false,"woocommerce_single":false,"woocommerce_gallery_thumbnail":false},"uagb_author_info":{"display_name":"Elodie","author_link":"https:\/\/meshceram.com\/index.php\/author\/admin4213\/"},"uagb_comment_info":0,"uagb_excerpt":"Au \u00ab\u00a0gr\u00e8s\u00a0\u00bb de vos envies ! Rejoignez-nous \u00e0 Montmartre, chez Mesh et partagez avec nous une exp\u00e9rience conviviale et cr\u00e9ative.Pour toute interrogation concernant nos cours, stages ou autre collaboration, n&rsquo;h\u00e9sitez pas \u00e0 compl\u00e9ter le formulaire ci-dessous. Vous pouvez aussi nous contacter par courriel \u00e0 l&rsquo;adresse hello@meshceram.com ou par t\u00e9l\u00e9phone au 06 83 54 49 07.","_links":{"self":[{"href":"https:\/\/meshceram.com\/index.php\/wp-json\/wp\/v2\/pages\/138","targetHints":{"allow":["GET"]}}],"collection":[{"href":"https:\/\/meshceram.com\/index.php\/wp-json\/wp\/v2\/pages"}],"about":[{"href":"https:\/\/meshceram.com\/index.php\/wp-json\/wp\/v2\/types\/page"}],"author":[{"embeddable":true,"href":"https:\/\/meshceram.com\/index.php\/wp-json\/wp\/v2\/users\/1"}],"replies":[{"embeddable":true,"href":"https:\/\/meshceram.com\/index.php\/wp-json\/wp\/v2\/comments?post=138"}],"version-history":[{"count":14,"href":"https:\/\/meshceram.com\/index.php\/wp-json\/wp\/v2\/pages\/138\/revisions"}],"predecessor-version":[{"id":661,"href":"https:\/\/meshceram.com\/index.php\/wp-json\/wp\/v2\/pages\/138\/revisions\/661"}],"wp:attachment":[{"href":"https:\/\/meshceram.com\/index.php\/wp-json\/wp\/v2\/media?parent=138"}],"curies":[{"name":"wp","href":"https:\/\/api.w.org\/{rel}","templated":true}]}}